{"id":5184,"date":"2023-12-14T17:44:33","date_gmt":"2023-12-14T16:44:33","guid":{"rendered":"https:\/\/ferienhaus-waxenstein.de\/?page_id=5184"},"modified":"2024-01-02T11:40:43","modified_gmt":"2024-01-02T10:40:43","slug":"haeufig-gestellte-fragen","status":"publish","type":"page","link":"https:\/\/ferienhaus-waxenstein.de\/?page_id=5184","title":{"rendered":"H\u00e4ufig gestellte Fragen"},"content":{"rendered":"\n<details class=\"wp-block-details is-layout-flow wp-block-details-is-layout-flow\"><summary>Wie viele Personen haben im Ferienhaus Platz?<\/summary>\n<p>bis zu 8 Personen<\/p>\n<\/details>\n\n\n\n<details class=\"wp-block-details is-layout-flow wp-block-details-is-layout-flow\"><summary>Wann sind die Check-In Zeiten?<\/summary>\n<p>Check-in ab: 16:00 Uhr.<\/p>\n<\/details>\n\n\n\n<details class=\"wp-block-details is-layout-flow wp-block-details-is-layout-flow\"><summary>Wann sind die Check-Out Zeiten?<\/summary>\n<p>Check-out ist um 10:00 Uhr.  Bitte vergessen Sie nicht den Schl\u00fcssel abzugeben oder auf den Tisch des Ferienhauses zu legen.<\/p>\n<\/details>\n\n\n\n<details class=\"wp-block-details is-layout-flow wp-block-details-is-layout-flow\"><summary>Ist das Ferienhaus Waxenstein haustierfreundlich?<\/summary>\n<p>Ja, bitte kontaktieren Sie uns vorher.<\/p>\n<\/details>\n\n\n\n<details class=\"wp-block-details is-layout-flow wp-block-details-is-layout-flow\"><summary>Ist das Ferienhaus Rollstuhlgerecht?<\/summary>\n<p>Leider, nein. Der Eingang sowie die K\u00fcche hat 2 Stufen. Es gibt jedoch 1x Schlafzimmer, und 2x B\u00e4der im Erdgeschoss. Der erste Stock wird nur \u00fcber eine steilere Treppe erreicht.<\/p>\n<\/details>\n\n\n\n<details class=\"wp-block-details is-layout-flow wp-block-details-is-layout-flow\"><summary>Wie modern ist das Ferienhaus?<\/summary>\n<p>Das Ferienhaus ist \u00fcber 100 Jahre alt, wurde aber innen komplett modernisiert. Wir haben jedoch darauf geachtet, seinen Charme zu bewahren.<\/p>\n<\/details>\n\n\n\n<details class=\"wp-block-details is-layout-flow wp-block-details-is-layout-flow\"><summary>Was sind die Stornierungsbedinungen?<\/summary>\n<p>48 Stunden nach der Buchung &#8211;> Vollst\u00e4ndige R\u00fcckerstattung: Erhalten Sie den gesamten gezahlten Betrag zur\u00fcck<\/p>\n\n\n\n<p>Ab dem 45. Tag vor Beginn der Mietzeit: &#8211;> R\u00fcckerstattung 20% \u00a0<\/p>\n\n\n\n<p>Ab dem 14. Tag danach und bei Nichterscheinen: &#8211;> R\u00fcckerstattung 10%<\/p>\n<\/details>\n\n\n\n<details class=\"wp-block-details is-layout-flow wp-block-details-is-layout-flow\"><summary>Darf im Ferienhaus geraucht werden?<\/summary>\n<p>Im gesamten Ferienhaus herrscht Rauchverbot. Bitte entsorgen Sie Ihre Zigarettenkippen in den daf\u00fcr vorgesehenen Aschenbechern und nicht am Grundst\u00fcck.<\/p>\n\n\n\n<p><\/p>\n<\/details>\n\n\n\n<details class=\"wp-block-details is-layout-flow wp-block-details-is-layout-flow\"><summary>Wer sollte das Ferienhaus buchen?<\/summary>\n<ul class=\"wp-block-list\">\n<li>viel Platz im Haus sowie im Garten f\u00fcr gro\u00dfe Familien und\/oder Freunde<\/li>\n\n\n\n<li>ruhige Lage zum ausruhen oder f\u00fcrs Home-Office<\/li>\n\n\n\n<li>egal ob mit den \u00d6ffentlicher Verkehr, Fahrrad, Auto oder zu Fu\u00df ist alles gut erreichbar<\/li>\n\n\n\n<li>Naturliebhaber: endlose Wanderwege, Seen und Berge wohin mann auch schaut<\/li>\n\n\n\n<li>Sportler: Skifahren, Rodeln, Mountainbiken, Golfen, Schwimmen, Wandern, Klettern &#8211; die Optionen sind endlos<\/li>\n<\/ul>\n<\/details>\n","protected":false},"excerpt":{"rendered":"","protected":false},"author":1,"featured_media":0,"parent":0,"menu_order":0,"comment_status":"closed","ping_status":"closed","template":"","meta":{"_monsterinsights_skip_tracking":false,"_monsterinsights_sitenote_active":false,"_monsterinsights_sitenote_note":"","_monsterinsights_sitenote_category":0,"footnotes":""},"class_list":["post-5184","page","type-page","status-publish","hentry"],"_links":{"self":[{"href":"https:\/\/ferienhaus-waxenstein.de\/index.php?rest_route=\/wp\/v2\/pages\/5184","targetHints":{"allow":["GET"]}}],"collection":[{"href":"https:\/\/ferienhaus-waxenstein.de\/index.php?rest_route=\/wp\/v2\/pages"}],"about":[{"href":"https:\/\/ferienhaus-waxenstein.de\/index.php?rest_route=\/wp\/v2\/types\/page"}],"author":[{"embeddable":true,"href":"https:\/\/ferienhaus-waxenstein.de\/index.php?rest_route=\/wp\/v2\/users\/1"}],"replies":[{"embeddable":true,"href":"https:\/\/ferienhaus-waxenstein.de\/index.php?rest_route=%2Fwp%2Fv2%2Fcomments&post=5184"}],"version-history":[{"count":4,"href":"https:\/\/ferienhaus-waxenstein.de\/index.php?rest_route=\/wp\/v2\/pages\/5184\/revisions"}],"predecessor-version":[{"id":5261,"href":"https:\/\/ferienhaus-waxenstein.de\/index.php?rest_route=\/wp\/v2\/pages\/5184\/revisions\/5261"}],"wp:attachment":[{"href":"https:\/\/ferienhaus-waxenstein.de\/index.php?rest_route=%2Fwp%2Fv2%2Fmedia&parent=5184"}],"curies":[{"name":"wp","href":"https:\/\/api.w.org\/{rel}","templated":true}]}}