{"id":4799,"date":"2023-11-22T20:21:28","date_gmt":"2023-11-22T20:21:28","guid":{"rendered":"https:\/\/ferienhaus-waxenstein.de\/?page_id=4799"},"modified":"2025-10-17T14:00:38","modified_gmt":"2025-10-17T13:00:38","slug":"preise","status":"publish","type":"page","link":"https:\/\/ferienhaus-waxenstein.de\/?page_id=4799","title":{"rendered":"Preise"},"content":{"rendered":"\n<div class=\"wp-block-columns is-layout-flex wp-container-core-columns-is-layout-9d6595d7 wp-block-columns-is-layout-flex\">\n<div class=\"wp-block-column is-layout-flow wp-block-column-is-layout-flow\" style=\"flex-basis:100%\">\n<div class=\"wp-block-columns is-layout-flex wp-container-core-columns-is-layout-9d6595d7 wp-block-columns-is-layout-flex\">\n<div class=\"wp-block-column is-layout-flow wp-block-column-is-layout-flow\">\n<p>Preise ab 420,- bis 480.- Euro pro Nacht f\u00fcr bis zu 8 Personen, je nach Belegung und Saison.<\/p>\n\n\n\n<p>Fragen Sie nach Angeboten! Eine \u00dcbersicht \u00fcber die Belegungszeiten finden Sie im&nbsp;Verf\u00fcgbarkeitskalendar.<\/p>\n\n\n\n<p>Sie finden uns auch auf&nbsp;<a href=\"https:\/\/www.fewo-direkt.de\/ferienwohnung-ferienhaus\/p765847?chkin=2025-04-12&amp;chkout=2025-04-26&amp;d1=2025-04-12&amp;d2=2025-04-26&amp;startDate=2025-04-12&amp;endDate=2025-04-26&amp;x_pwa=1&amp;rfrr=HSR&amp;pwa_ts=1743615462968&amp;referrerUrl=aHR0cHM6Ly93d3cuZmV3by1kaXJla3QuZGUvSG90ZWwtU2VhcmNo&amp;useRewards=false&amp;adults=7&amp;regionId=5412&amp;destination=Garmisch-Partenkirchen%2C+Bayern%2C+Deutschland&amp;destType=BOUNDING_BOX&amp;latLong=47.491695%2C11.095498&amp;privacyTrackingState=CAN_NOT_TRACK&amp;searchId=ff835c6b-2751-466a-ae7e-cab14207219b&amp;sort=RECOMMENDED&amp;userIntent=&amp;expediaPropertyId=29554553\" data-type=\"link\" data-id=\"http:\/\/www.fewo-direkt.de\/ferienwohnung-ferienhaus\/p765847\">Ferienhaus Waxenstein&nbsp;\u2013&nbsp;Landh\u00e4user bei HomeAway FeWo-direkt<\/a>&nbsp;und auf&nbsp;<a href=\"https:\/\/www.airbnb.de\/rooms\/1373732113871279422?adults=8&amp;search_mode=regular_search&amp;check_in=2025-04-03&amp;check_out=2025-04-08&amp;children=0&amp;infants=0&amp;pets=0&amp;source_impression_id=p3_1743614752_P3dzODskndagMylw&amp;previous_page_section_name=1000&amp;federated_search_id=8af99326-1b73-4574-baf0-66e64c6c5c89\" data-type=\"link\" data-id=\"https:\/\/www.airbnb.de\/rooms\/2674147?s=fYmH\">Ferienhaus Waxenstein&nbsp;\u2013&nbsp;Airbnb<\/a> oder bei Traumferienwohnungen unter <a href=\"https:\/\/www.traum-ferienwohnungen.de\/591880\/?arrival=2025-05-08&amp;departure=2025-05-16&amp;persons=8&amp;filter=L2V1cm9wYS9kZXV0c2NobGFuZC96dWdzcGl0emxhbmQvZ2FybWlzY2gtcGFydGVua2lyY2hlbi84LXBlcnNvbmVuLz9hcnJpdmFsPTIwMjUtMDUtMDgmZGVwYXJ0dXJlPTIwMjUtMDUtMTY%3D&amp;sp=13\" target=\"_blank\" rel=\"noreferrer noopener\">Traum-Ferienwohnungen<\/a>. Sie k\u00f6nnen \u00fcber die Portale online buchen oder uns direkt&nbsp;kontaktieren.<\/p>\n\n\n\n<p>Wir freuen uns auf Ihren Besuch!<\/p>\n<\/div>\n\n\n\n<div class=\"wp-block-column is-layout-flow wp-block-column-is-layout-flow\">\n<p class=\"has-text-color has-link-color wp-elements-05f0d31bc18fb357233a2e6ba304b3de\" style=\"color:#ffffff\">  jfjpojepojpo<\/p>\n\n\n\n<p class=\"has-text-color has-link-color wp-elements-9a7bef8d0fb5822cbf0d73a1c6f786a6\" style=\"color:#ffffff\">   fjrkjfpkpr<\/p>\n\n\n\n<p class=\"has-text-align-center\">Schicken Sie uns eine<\/p>\n\n\n\n<div class=\"wp-block-buttons is-content-justification-center is-layout-flex wp-container-core-buttons-is-layout-16018d1d wp-block-buttons-is-layout-flex\">\n<div class=\"wp-block-button has-custom-width wp-block-button__width-75 is-style-fill\"><a class=\"wp-block-button__link wp-element-button\" href=\"https:\/\/ferienhaus-waxenstein.de\/?page_id=4803\" style=\"border-radius:8px\"><strong>Buchungsanfrage<\/strong><\/a><\/div>\n<\/div>\n<\/div>\n<\/div>\n<\/div>\n<\/div>\n\n\n\n<h4 class=\"wp-block-heading\">Verf\u00fcgbarkeitskalendar<\/h4>\n\n\n<div id=\"smoobuApartment2606013de\" class=\"calendarWidget\">\n<div class=\"calendarContent\" data-load-calendar-url=\"https:\/\/login.smoobu.com\/de\/cockpit\/widget\/single-calendar\/2606013\" data-verification=\"0cf7076060a94c3a7176cd92d26ead41588e73a1438a9ee94167a3dc8fd07724\" data-baseUrl=\"https:\/\/login.smoobu.com\" data-disable-css=\"false\" ><\/div>\n<p> <script type=\"text\/javascript\" src=\"https:\/\/login.smoobu.com\/js\/Apartment\/CalendarWidget.js\"><\/script><\/div>\n\n\n\n<hr class=\"wp-block-separator has-alpha-channel-opacity is-style-dots\"\/>\n\n\n\n<figure class=\"wp-block-gallery alignwide has-nested-images columns-default is-cropped wp-block-gallery-1 is-layout-flex wp-block-gallery-is-layout-flex\">\n<figure data-wp-context=\"{&quot;imageId&quot;:&quot;69e76885894bb&quot;}\" data-wp-interactive=\"core\/image\" class=\"wp-block-image size-large wp-lightbox-container\"><img loading=\"lazy\" decoding=\"async\" width=\"1024\" height=\"683\" data-wp-class--hide=\"state.isContentHidden\" data-wp-class--show=\"state.isContentVisible\" data-wp-init=\"callbacks.setButtonStyles\" data-wp-on-async--click=\"actions.showLightbox\" data-wp-on-async--load=\"callbacks.setButtonStyles\" data-wp-on-async-window--resize=\"callbacks.setButtonStyles\" data-id=\"5221\" src=\"https:\/\/ferienhaus-waxenstein.de\/wp-content\/uploads\/2023\/12\/hw-aw17-009-marcgilsdorf-scaled-2048x1366-1-1024x683.jpg\" alt=\"\" class=\"wp-image-5221\" srcset=\"https:\/\/ferienhaus-waxenstein.de\/wp-content\/uploads\/2023\/12\/hw-aw17-009-marcgilsdorf-scaled-2048x1366-1-1024x683.jpg 1024w, https:\/\/ferienhaus-waxenstein.de\/wp-content\/uploads\/2023\/12\/hw-aw17-009-marcgilsdorf-scaled-2048x1366-1-300x200.jpg 300w, https:\/\/ferienhaus-waxenstein.de\/wp-content\/uploads\/2023\/12\/hw-aw17-009-marcgilsdorf-scaled-2048x1366-1-768x512.jpg 768w, https:\/\/ferienhaus-waxenstein.de\/wp-content\/uploads\/2023\/12\/hw-aw17-009-marcgilsdorf-scaled-2048x1366-1-1536x1025.jpg 1536w, https:\/\/ferienhaus-waxenstein.de\/wp-content\/uploads\/2023\/12\/hw-aw17-009-marcgilsdorf-scaled-2048x1366-1-892x594.jpg 892w, https:\/\/ferienhaus-waxenstein.de\/wp-content\/uploads\/2023\/12\/hw-aw17-009-marcgilsdorf-scaled-2048x1366-1-150x100.jpg 150w, https:\/\/ferienhaus-waxenstein.de\/wp-content\/uploads\/2023\/12\/hw-aw17-009-marcgilsdorf-scaled-2048x1366-1.jpg 2048w\" sizes=\"auto, (max-width: 1024px) 100vw, 1024px\" \/><button\n\t\t\tclass=\"lightbox-trigger\"\n\t\t\ttype=\"button\"\n\t\t\taria-haspopup=\"dialog\"\n\t\t\taria-label=\"Vergr\u00f6\u00dfern\"\n\t\t\tdata-wp-init=\"callbacks.initTriggerButton\"\n\t\t\tdata-wp-on-async--click=\"actions.showLightbox\"\n\t\t\tdata-wp-style--right=\"state.imageButtonRight\"\n\t\t\tdata-wp-style--top=\"state.imageButtonTop\"\n\t\t>\n\t\t\t<svg xmlns=\"http:\/\/www.w3.org\/2000\/svg\" width=\"12\" height=\"12\" fill=\"none\" viewBox=\"0 0 12 12\">\n\t\t\t\t<path fill=\"#fff\" d=\"M2 0a2 2 0 0 0-2 2v2h1.5V2a.5.5 0 0 1 .5-.5h2V0H2Zm2 10.5H2a.5.5 0 0 1-.5-.5V8H0v2a2 2 0 0 0 2 2h2v-1.5ZM8 12v-1.5h2a.5.5 0 0 0 .5-.5V8H12v2a2 2 0 0 1-2 2H8Zm2-12a2 2 0 0 1 2 2v2h-1.5V2a.5.5 0 0 0-.5-.5H8V0h2Z\" \/>\n\t\t\t<\/svg>\n\t\t<\/button><\/figure>\n\n\n\n<figure data-wp-context=\"{&quot;imageId&quot;:&quot;69e768858a0dc&quot;}\" data-wp-interactive=\"core\/image\" class=\"wp-block-image size-large wp-lightbox-container\"><img loading=\"lazy\" decoding=\"async\" width=\"1024\" height=\"768\" data-wp-class--hide=\"state.isContentHidden\" data-wp-class--show=\"state.isContentVisible\" data-wp-init=\"callbacks.setButtonStyles\" data-wp-on-async--click=\"actions.showLightbox\" data-wp-on-async--load=\"callbacks.setButtonStyles\" data-wp-on-async-window--resize=\"callbacks.setButtonStyles\" data-id=\"5222\" src=\"https:\/\/ferienhaus-waxenstein.de\/wp-content\/uploads\/2023\/12\/Haus-aussen-sommer-wp-scaled-2048x1536-1-1024x768.jpg\" alt=\"\" class=\"wp-image-5222\" srcset=\"https:\/\/ferienhaus-waxenstein.de\/wp-content\/uploads\/2023\/12\/Haus-aussen-sommer-wp-scaled-2048x1536-1-1024x768.jpg 1024w, https:\/\/ferienhaus-waxenstein.de\/wp-content\/uploads\/2023\/12\/Haus-aussen-sommer-wp-scaled-2048x1536-1-300x225.jpg 300w, https:\/\/ferienhaus-waxenstein.de\/wp-content\/uploads\/2023\/12\/Haus-aussen-sommer-wp-scaled-2048x1536-1-768x576.jpg 768w, https:\/\/ferienhaus-waxenstein.de\/wp-content\/uploads\/2023\/12\/Haus-aussen-sommer-wp-scaled-2048x1536-1-1536x1152.jpg 1536w, https:\/\/ferienhaus-waxenstein.de\/wp-content\/uploads\/2023\/12\/Haus-aussen-sommer-wp-scaled-2048x1536-1-892x669.jpg 892w, https:\/\/ferienhaus-waxenstein.de\/wp-content\/uploads\/2023\/12\/Haus-aussen-sommer-wp-scaled-2048x1536-1.jpg 2048w\" sizes=\"auto, (max-width: 1024px) 100vw, 1024px\" \/><button\n\t\t\tclass=\"lightbox-trigger\"\n\t\t\ttype=\"button\"\n\t\t\taria-haspopup=\"dialog\"\n\t\t\taria-label=\"Vergr\u00f6\u00dfern\"\n\t\t\tdata-wp-init=\"callbacks.initTriggerButton\"\n\t\t\tdata-wp-on-async--click=\"actions.showLightbox\"\n\t\t\tdata-wp-style--right=\"state.imageButtonRight\"\n\t\t\tdata-wp-style--top=\"state.imageButtonTop\"\n\t\t>\n\t\t\t<svg xmlns=\"http:\/\/www.w3.org\/2000\/svg\" width=\"12\" height=\"12\" fill=\"none\" viewBox=\"0 0 12 12\">\n\t\t\t\t<path fill=\"#fff\" d=\"M2 0a2 2 0 0 0-2 2v2h1.5V2a.5.5 0 0 1 .5-.5h2V0H2Zm2 10.5H2a.5.5 0 0 1-.5-.5V8H0v2a2 2 0 0 0 2 2h2v-1.5ZM8 12v-1.5h2a.5.5 0 0 0 .5-.5V8H12v2a2 2 0 0 1-2 2H8Zm2-12a2 2 0 0 1 2 2v2h-1.5V2a.5.5 0 0 0-.5-.5H8V0h2Z\" \/>\n\t\t\t<\/svg>\n\t\t<\/button><\/figure>\n<\/figure>\n","protected":false},"excerpt":{"rendered":"<p>Preise ab 420,- bis 480.- Euro pro Nacht f\u00fcr bis zu 8 Personen, je nach Belegung und Saison. Fragen Sie nach Angeboten! Eine \u00dcbersicht \u00fcber die Belegungszeiten finden Sie im&nbsp;Verf\u00fcgbarkeitskalendar. Sie finden uns auch auf&nbsp;Ferienhaus Waxenstein&nbsp;\u2013&nbsp;Landh\u00e4user bei HomeAway FeWo-direkt&nbsp;und auf&nbsp;Ferienhaus Waxenstein&nbsp;\u2013&nbsp;Airbnb oder bei Traumferienwohnungen unter Traum-Ferienwohnungen. Sie k\u00f6nnen \u00fcber die Portale online buchen oder uns [&hellip;]<\/p>\n","protected":false},"author":1,"featured_media":0,"parent":0,"menu_order":0,"comment_status":"closed","ping_status":"closed","template":"template-wide-page.php","meta":{"_monsterinsights_skip_tracking":false,"_monsterinsights_sitenote_active":false,"_monsterinsights_sitenote_note":"","_monsterinsights_sitenote_category":0,"footnotes":""},"class_list":["post-4799","page","type-page","status-publish","hentry"],"_links":{"self":[{"href":"https:\/\/ferienhaus-waxenstein.de\/index.php?rest_route=\/wp\/v2\/pages\/4799","targetHints":{"allow":["GET"]}}],"collection":[{"href":"https:\/\/ferienhaus-waxenstein.de\/index.php?rest_route=\/wp\/v2\/pages"}],"about":[{"href":"https:\/\/ferienhaus-waxenstein.de\/index.php?rest_route=\/wp\/v2\/types\/page"}],"author":[{"embeddable":true,"href":"https:\/\/ferienhaus-waxenstein.de\/index.php?rest_route=\/wp\/v2\/users\/1"}],"replies":[{"embeddable":true,"href":"https:\/\/ferienhaus-waxenstein.de\/index.php?rest_route=%2Fwp%2Fv2%2Fcomments&post=4799"}],"version-history":[{"count":31,"href":"https:\/\/ferienhaus-waxenstein.de\/index.php?rest_route=\/wp\/v2\/pages\/4799\/revisions"}],"predecessor-version":[{"id":5366,"href":"https:\/\/ferienhaus-waxenstein.de\/index.php?rest_route=\/wp\/v2\/pages\/4799\/revisions\/5366"}],"wp:attachment":[{"href":"https:\/\/ferienhaus-waxenstein.de\/index.php?rest_route=%2Fwp%2Fv2%2Fmedia&parent=4799"}],"curies":[{"name":"wp","href":"https:\/\/api.w.org\/{rel}","templated":true}]}}