{"id":4797,"date":"2023-11-22T20:16:12","date_gmt":"2023-11-22T20:16:12","guid":{"rendered":"https:\/\/ferienhaus-waxenstein.de\/?page_id=4797"},"modified":"2025-05-18T14:34:08","modified_gmt":"2025-05-18T13:34:08","slug":"aktivitaeten","status":"publish","type":"page","link":"https:\/\/ferienhaus-waxenstein.de\/?page_id=4797","title":{"rendered":"Aktivit\u00e4ten und Umgebung"},"content":{"rendered":"\n<p class=\"has-text-align-center\" style=\"font-size:16px\">Das Ferienhaus ist ein guter Ausgangspunkt f\u00fcr Spazierg\u00e4nge durch die Almwiesen, zum Riessersee, Eibsee, Kreuzeck, nach Grainau oder zum Kramer. Das weitl\u00e4ufige gr\u00fcne Tal wird umrahmt von einem Bergpanorama, wie die 2963 Meter hohe Zugspitze, Alpspitze, Wetterstein, Wank und Kramer.<\/p>\n\n\n\n<p class=\"has-text-align-center\" style=\"font-size:16px\">Garmisch-Partenkirchen, das hei\u00dft Erholungsm\u00f6glichkeiten ohne Ende. Gut ausgeschilderte 300 km Sommer- und 150 km Winterwanderwege bieten Ihnen die Gelegenheit, die herrliche Umgebung ausgiebig zu erwandern. F\u00fcr Bergsteiger, Skifahrer und Wanderer gibt es 38 Bergbahnen und Skilifte, die Sie an das von Ihnen gew\u00fcnschte Ziel zu allen Jahreszeiten bringen.<\/p>\n\n\n\n<figure class=\"wp-block-gallery alignwide has-nested-images columns-default is-cropped wp-block-gallery-1 is-layout-flex wp-block-gallery-is-layout-flex\">\n<figure data-wp-context=\"{&quot;imageId&quot;:&quot;69eb728436b24&quot;}\" data-wp-interactive=\"core\/image\" class=\"wp-block-image size-large wp-lightbox-container\"><img loading=\"lazy\" decoding=\"async\" width=\"1024\" height=\"768\" data-wp-class--hide=\"state.isContentHidden\" data-wp-class--show=\"state.isContentVisible\" data-wp-init=\"callbacks.setButtonStyles\" data-wp-on-async--click=\"actions.showLightbox\" data-wp-on-async--load=\"callbacks.setButtonStyles\" data-wp-on-async-window--resize=\"callbacks.setButtonStyles\" data-id=\"5209\" src=\"http:\/\/ferienhaus-waxenstein.de\/wp-content\/uploads\/2023\/12\/IMG_3402-2048x1536-1-1024x768.jpeg\" alt=\"\" class=\"wp-image-5209\" srcset=\"https:\/\/ferienhaus-waxenstein.de\/wp-content\/uploads\/2023\/12\/IMG_3402-2048x1536-1-1024x768.jpeg 1024w, https:\/\/ferienhaus-waxenstein.de\/wp-content\/uploads\/2023\/12\/IMG_3402-2048x1536-1-300x225.jpeg 300w, https:\/\/ferienhaus-waxenstein.de\/wp-content\/uploads\/2023\/12\/IMG_3402-2048x1536-1-768x576.jpeg 768w, https:\/\/ferienhaus-waxenstein.de\/wp-content\/uploads\/2023\/12\/IMG_3402-2048x1536-1-1536x1152.jpeg 1536w, https:\/\/ferienhaus-waxenstein.de\/wp-content\/uploads\/2023\/12\/IMG_3402-2048x1536-1-892x669.jpeg 892w, https:\/\/ferienhaus-waxenstein.de\/wp-content\/uploads\/2023\/12\/IMG_3402-2048x1536-1.jpeg 2048w\" sizes=\"auto, (max-width: 1024px) 100vw, 1024px\" \/><button\n\t\t\tclass=\"lightbox-trigger\"\n\t\t\ttype=\"button\"\n\t\t\taria-haspopup=\"dialog\"\n\t\t\taria-label=\"Vergr\u00f6\u00dfern\"\n\t\t\tdata-wp-init=\"callbacks.initTriggerButton\"\n\t\t\tdata-wp-on-async--click=\"actions.showLightbox\"\n\t\t\tdata-wp-style--right=\"state.imageButtonRight\"\n\t\t\tdata-wp-style--top=\"state.imageButtonTop\"\n\t\t>\n\t\t\t<svg xmlns=\"http:\/\/www.w3.org\/2000\/svg\" width=\"12\" height=\"12\" fill=\"none\" viewBox=\"0 0 12 12\">\n\t\t\t\t<path fill=\"#fff\" d=\"M2 0a2 2 0 0 0-2 2v2h1.5V2a.5.5 0 0 1 .5-.5h2V0H2Zm2 10.5H2a.5.5 0 0 1-.5-.5V8H0v2a2 2 0 0 0 2 2h2v-1.5ZM8 12v-1.5h2a.5.5 0 0 0 .5-.5V8H12v2a2 2 0 0 1-2 2H8Zm2-12a2 2 0 0 1 2 2v2h-1.5V2a.5.5 0 0 0-.5-.5H8V0h2Z\" \/>\n\t\t\t<\/svg>\n\t\t<\/button><\/figure>\n\n\n\n<figure data-wp-context=\"{&quot;imageId&quot;:&quot;69eb728437776&quot;}\" data-wp-interactive=\"core\/image\" class=\"wp-block-image size-large wp-lightbox-container\"><img loading=\"lazy\" decoding=\"async\" width=\"1024\" height=\"768\" data-wp-class--hide=\"state.isContentHidden\" data-wp-class--show=\"state.isContentVisible\" data-wp-init=\"callbacks.setButtonStyles\" data-wp-on-async--click=\"actions.showLightbox\" data-wp-on-async--load=\"callbacks.setButtonStyles\" data-wp-on-async-window--resize=\"callbacks.setButtonStyles\" data-id=\"4919\" src=\"http:\/\/ferienhaus-waxenstein.de\/wp-content\/uploads\/2023\/11\/IMG_9149-1024x768.jpeg\" alt=\"\" class=\"wp-image-4919\" srcset=\"https:\/\/ferienhaus-waxenstein.de\/wp-content\/uploads\/2023\/11\/IMG_9149-1024x768.jpeg 1024w, https:\/\/ferienhaus-waxenstein.de\/wp-content\/uploads\/2023\/11\/IMG_9149-300x225.jpeg 300w, https:\/\/ferienhaus-waxenstein.de\/wp-content\/uploads\/2023\/11\/IMG_9149-768x576.jpeg 768w, https:\/\/ferienhaus-waxenstein.de\/wp-content\/uploads\/2023\/11\/IMG_9149-1536x1152.jpeg 1536w, https:\/\/ferienhaus-waxenstein.de\/wp-content\/uploads\/2023\/11\/IMG_9149-2048x1536.jpeg 2048w, https:\/\/ferienhaus-waxenstein.de\/wp-content\/uploads\/2023\/11\/IMG_9149-892x669.jpeg 892w\" sizes=\"auto, (max-width: 1024px) 100vw, 1024px\" \/><button\n\t\t\tclass=\"lightbox-trigger\"\n\t\t\ttype=\"button\"\n\t\t\taria-haspopup=\"dialog\"\n\t\t\taria-label=\"Vergr\u00f6\u00dfern\"\n\t\t\tdata-wp-init=\"callbacks.initTriggerButton\"\n\t\t\tdata-wp-on-async--click=\"actions.showLightbox\"\n\t\t\tdata-wp-style--right=\"state.imageButtonRight\"\n\t\t\tdata-wp-style--top=\"state.imageButtonTop\"\n\t\t>\n\t\t\t<svg xmlns=\"http:\/\/www.w3.org\/2000\/svg\" width=\"12\" height=\"12\" fill=\"none\" viewBox=\"0 0 12 12\">\n\t\t\t\t<path fill=\"#fff\" d=\"M2 0a2 2 0 0 0-2 2v2h1.5V2a.5.5 0 0 1 .5-.5h2V0H2Zm2 10.5H2a.5.5 0 0 1-.5-.5V8H0v2a2 2 0 0 0 2 2h2v-1.5ZM8 12v-1.5h2a.5.5 0 0 0 .5-.5V8H12v2a2 2 0 0 1-2 2H8Zm2-12a2 2 0 0 1 2 2v2h-1.5V2a.5.5 0 0 0-.5-.5H8V0h2Z\" \/>\n\t\t\t<\/svg>\n\t\t<\/button><\/figure>\n<\/figure>\n\n\n\n<p class=\"has-text-align-center\">Der Markt Garmisch-Partenkirchen bietet f\u00fcr jeden Geschmack etwas passendes. Kunst, Kultur, Sport und Umgebung sorgen f\u00fcr ein abwechslungsreiches Freizeitprogramm. Zu den besonderen Sehensw\u00fcrdigkeiten z\u00e4hlen das Schloss&nbsp;Neuschwanstein, das Schloss Linderhof, die Partnachklamm, das Kloster Ettal, die Wieskirche, die historische Ludwigstra\u00dfe und vieles mehr.<\/p>\n\n\n\n<p class=\"has-text-align-center\">Ideale Verkehrsverbindungen nach M\u00fcnchen mit Bus oder Zug, z. B. auch zum beliebten&nbsp;Oktoberfest.<\/p>\n\n\n\n<figure class=\"wp-block-image size-full\"><img loading=\"lazy\" decoding=\"async\" width=\"1466\" height=\"168\" src=\"https:\/\/ferienhaus-waxenstein.de\/wp-content\/uploads\/2023\/12\/Screenshot-2023-12-14-at-16.21.00.png\" alt=\"\" class=\"wp-image-5161\" srcset=\"https:\/\/ferienhaus-waxenstein.de\/wp-content\/uploads\/2023\/12\/Screenshot-2023-12-14-at-16.21.00.png 1466w, https:\/\/ferienhaus-waxenstein.de\/wp-content\/uploads\/2023\/12\/Screenshot-2023-12-14-at-16.21.00-300x34.png 300w, https:\/\/ferienhaus-waxenstein.de\/wp-content\/uploads\/2023\/12\/Screenshot-2023-12-14-at-16.21.00-1024x117.png 1024w, https:\/\/ferienhaus-waxenstein.de\/wp-content\/uploads\/2023\/12\/Screenshot-2023-12-14-at-16.21.00-768x88.png 768w, https:\/\/ferienhaus-waxenstein.de\/wp-content\/uploads\/2023\/12\/Screenshot-2023-12-14-at-16.21.00-892x102.png 892w\" sizes=\"auto, (max-width: 1466px) 100vw, 1466px\" \/><\/figure>\n\n\n\n<figure class=\"wp-block-gallery alignwide has-nested-images columns-default is-cropped wp-block-gallery-2 is-layout-flex wp-block-gallery-is-layout-flex\">\n<figure data-wp-context=\"{&quot;imageId&quot;:&quot;69eb72843879c&quot;}\" data-wp-interactive=\"core\/image\" class=\"wp-block-image size-large wp-lightbox-container\"><img loading=\"lazy\" decoding=\"async\" width=\"768\" height=\"1024\" data-wp-class--hide=\"state.isContentHidden\" data-wp-class--show=\"state.isContentVisible\" data-wp-init=\"callbacks.setButtonStyles\" data-wp-on-async--click=\"actions.showLightbox\" data-wp-on-async--load=\"callbacks.setButtonStyles\" data-wp-on-async-window--resize=\"callbacks.setButtonStyles\" data-id=\"5211\" src=\"http:\/\/ferienhaus-waxenstein.de\/wp-content\/uploads\/2023\/12\/IMG_4155-scaled-1-768x1024.jpeg\" alt=\"\" class=\"wp-image-5211\" srcset=\"https:\/\/ferienhaus-waxenstein.de\/wp-content\/uploads\/2023\/12\/IMG_4155-scaled-1-768x1024.jpeg 768w, https:\/\/ferienhaus-waxenstein.de\/wp-content\/uploads\/2023\/12\/IMG_4155-scaled-1-225x300.jpeg 225w, https:\/\/ferienhaus-waxenstein.de\/wp-content\/uploads\/2023\/12\/IMG_4155-scaled-1-1152x1536.jpeg 1152w, https:\/\/ferienhaus-waxenstein.de\/wp-content\/uploads\/2023\/12\/IMG_4155-scaled-1-1536x2048.jpeg 1536w, https:\/\/ferienhaus-waxenstein.de\/wp-content\/uploads\/2023\/12\/IMG_4155-scaled-1-892x1189.jpeg 892w, https:\/\/ferienhaus-waxenstein.de\/wp-content\/uploads\/2023\/12\/IMG_4155-scaled-1.jpeg 1920w\" sizes=\"auto, (max-width: 768px) 100vw, 768px\" \/><button\n\t\t\tclass=\"lightbox-trigger\"\n\t\t\ttype=\"button\"\n\t\t\taria-haspopup=\"dialog\"\n\t\t\taria-label=\"Vergr\u00f6\u00dfern\"\n\t\t\tdata-wp-init=\"callbacks.initTriggerButton\"\n\t\t\tdata-wp-on-async--click=\"actions.showLightbox\"\n\t\t\tdata-wp-style--right=\"state.imageButtonRight\"\n\t\t\tdata-wp-style--top=\"state.imageButtonTop\"\n\t\t>\n\t\t\t<svg xmlns=\"http:\/\/www.w3.org\/2000\/svg\" width=\"12\" height=\"12\" fill=\"none\" viewBox=\"0 0 12 12\">\n\t\t\t\t<path fill=\"#fff\" d=\"M2 0a2 2 0 0 0-2 2v2h1.5V2a.5.5 0 0 1 .5-.5h2V0H2Zm2 10.5H2a.5.5 0 0 1-.5-.5V8H0v2a2 2 0 0 0 2 2h2v-1.5ZM8 12v-1.5h2a.5.5 0 0 0 .5-.5V8H12v2a2 2 0 0 1-2 2H8Zm2-12a2 2 0 0 1 2 2v2h-1.5V2a.5.5 0 0 0-.5-.5H8V0h2Z\" \/>\n\t\t\t<\/svg>\n\t\t<\/button><\/figure>\n\n\n\n<figure data-wp-context=\"{&quot;imageId&quot;:&quot;69eb728439365&quot;}\" data-wp-interactive=\"core\/image\" class=\"wp-block-image size-large wp-lightbox-container\"><img loading=\"lazy\" decoding=\"async\" width=\"768\" height=\"1024\" data-wp-class--hide=\"state.isContentHidden\" data-wp-class--show=\"state.isContentVisible\" data-wp-init=\"callbacks.setButtonStyles\" data-wp-on-async--click=\"actions.showLightbox\" data-wp-on-async--load=\"callbacks.setButtonStyles\" data-wp-on-async-window--resize=\"callbacks.setButtonStyles\" data-id=\"5212\" src=\"http:\/\/ferienhaus-waxenstein.de\/wp-content\/uploads\/2023\/12\/IMG_3125-scaled-1-768x1024.jpeg\" alt=\"\" class=\"wp-image-5212\" srcset=\"https:\/\/ferienhaus-waxenstein.de\/wp-content\/uploads\/2023\/12\/IMG_3125-scaled-1-768x1024.jpeg 768w, https:\/\/ferienhaus-waxenstein.de\/wp-content\/uploads\/2023\/12\/IMG_3125-scaled-1-225x300.jpeg 225w, https:\/\/ferienhaus-waxenstein.de\/wp-content\/uploads\/2023\/12\/IMG_3125-scaled-1-1152x1536.jpeg 1152w, https:\/\/ferienhaus-waxenstein.de\/wp-content\/uploads\/2023\/12\/IMG_3125-scaled-1-1536x2048.jpeg 1536w, https:\/\/ferienhaus-waxenstein.de\/wp-content\/uploads\/2023\/12\/IMG_3125-scaled-1-892x1189.jpeg 892w, https:\/\/ferienhaus-waxenstein.de\/wp-content\/uploads\/2023\/12\/IMG_3125-scaled-1.jpeg 1920w\" sizes=\"auto, (max-width: 768px) 100vw, 768px\" \/><button\n\t\t\tclass=\"lightbox-trigger\"\n\t\t\ttype=\"button\"\n\t\t\taria-haspopup=\"dialog\"\n\t\t\taria-label=\"Vergr\u00f6\u00dfern\"\n\t\t\tdata-wp-init=\"callbacks.initTriggerButton\"\n\t\t\tdata-wp-on-async--click=\"actions.showLightbox\"\n\t\t\tdata-wp-style--right=\"state.imageButtonRight\"\n\t\t\tdata-wp-style--top=\"state.imageButtonTop\"\n\t\t>\n\t\t\t<svg xmlns=\"http:\/\/www.w3.org\/2000\/svg\" width=\"12\" height=\"12\" fill=\"none\" viewBox=\"0 0 12 12\">\n\t\t\t\t<path fill=\"#fff\" d=\"M2 0a2 2 0 0 0-2 2v2h1.5V2a.5.5 0 0 1 .5-.5h2V0H2Zm2 10.5H2a.5.5 0 0 1-.5-.5V8H0v2a2 2 0 0 0 2 2h2v-1.5ZM8 12v-1.5h2a.5.5 0 0 0 .5-.5V8H12v2a2 2 0 0 1-2 2H8Zm2-12a2 2 0 0 1 2 2v2h-1.5V2a.5.5 0 0 0-.5-.5H8V0h2Z\" \/>\n\t\t\t<\/svg>\n\t\t<\/button><\/figure>\n\n\n\n<figure class=\"wp-block-image size-large\"><img loading=\"lazy\" decoding=\"async\" width=\"1024\" height=\"1024\" data-id=\"5213\" src=\"http:\/\/ferienhaus-waxenstein.de\/wp-content\/uploads\/2023\/12\/E81C8400-14A2-4725-9200-59E9B96A4700-1-scaled-1-1024x1024.jpg\" alt=\"\" class=\"wp-image-5213\" srcset=\"https:\/\/ferienhaus-waxenstein.de\/wp-content\/uploads\/2023\/12\/E81C8400-14A2-4725-9200-59E9B96A4700-1-scaled-1-1024x1024.jpg 1024w, https:\/\/ferienhaus-waxenstein.de\/wp-content\/uploads\/2023\/12\/E81C8400-14A2-4725-9200-59E9B96A4700-1-scaled-1-300x300.jpg 300w, https:\/\/ferienhaus-waxenstein.de\/wp-content\/uploads\/2023\/12\/E81C8400-14A2-4725-9200-59E9B96A4700-1-scaled-1-150x150.jpg 150w, https:\/\/ferienhaus-waxenstein.de\/wp-content\/uploads\/2023\/12\/E81C8400-14A2-4725-9200-59E9B96A4700-1-scaled-1-768x768.jpg 768w, https:\/\/ferienhaus-waxenstein.de\/wp-content\/uploads\/2023\/12\/E81C8400-14A2-4725-9200-59E9B96A4700-1-scaled-1-1536x1536.jpg 1536w, https:\/\/ferienhaus-waxenstein.de\/wp-content\/uploads\/2023\/12\/E81C8400-14A2-4725-9200-59E9B96A4700-1-scaled-1-2048x2048.jpg 2048w, https:\/\/ferienhaus-waxenstein.de\/wp-content\/uploads\/2023\/12\/E81C8400-14A2-4725-9200-59E9B96A4700-1-scaled-1-892x892.jpg 892w\" sizes=\"auto, (max-width: 1024px) 100vw, 1024px\" \/><\/figure>\n\n\n\n<figure data-wp-context=\"{&quot;imageId&quot;:&quot;69eb728439efe&quot;}\" data-wp-interactive=\"core\/image\" class=\"wp-block-image size-full wp-lightbox-container\"><img loading=\"lazy\" decoding=\"async\" width=\"768\" height=\"1024\" data-wp-class--hide=\"state.isContentHidden\" data-wp-class--show=\"state.isContentVisible\" data-wp-init=\"callbacks.setButtonStyles\" data-wp-on-async--click=\"actions.showLightbox\" data-wp-on-async--load=\"callbacks.setButtonStyles\" data-wp-on-async-window--resize=\"callbacks.setButtonStyles\" data-id=\"5348\" src=\"http:\/\/ferienhaus-waxenstein.de\/wp-content\/uploads\/2025\/05\/3008EC61-F9E0-48BF-80ED-8E8E2C3CCB62_1_105_c.jpeg\" alt=\"\" class=\"wp-image-5348\" srcset=\"https:\/\/ferienhaus-waxenstein.de\/wp-content\/uploads\/2025\/05\/3008EC61-F9E0-48BF-80ED-8E8E2C3CCB62_1_105_c.jpeg 768w, https:\/\/ferienhaus-waxenstein.de\/wp-content\/uploads\/2025\/05\/3008EC61-F9E0-48BF-80ED-8E8E2C3CCB62_1_105_c-225x300.jpeg 225w\" sizes=\"auto, (max-width: 768px) 100vw, 768px\" \/><button\n\t\t\tclass=\"lightbox-trigger\"\n\t\t\ttype=\"button\"\n\t\t\taria-haspopup=\"dialog\"\n\t\t\taria-label=\"Vergr\u00f6\u00dfern\"\n\t\t\tdata-wp-init=\"callbacks.initTriggerButton\"\n\t\t\tdata-wp-on-async--click=\"actions.showLightbox\"\n\t\t\tdata-wp-style--right=\"state.imageButtonRight\"\n\t\t\tdata-wp-style--top=\"state.imageButtonTop\"\n\t\t>\n\t\t\t<svg xmlns=\"http:\/\/www.w3.org\/2000\/svg\" width=\"12\" height=\"12\" fill=\"none\" viewBox=\"0 0 12 12\">\n\t\t\t\t<path fill=\"#fff\" d=\"M2 0a2 2 0 0 0-2 2v2h1.5V2a.5.5 0 0 1 .5-.5h2V0H2Zm2 10.5H2a.5.5 0 0 1-.5-.5V8H0v2a2 2 0 0 0 2 2h2v-1.5ZM8 12v-1.5h2a.5.5 0 0 0 .5-.5V8H12v2a2 2 0 0 1-2 2H8Zm2-12a2 2 0 0 1 2 2v2h-1.5V2a.5.5 0 0 0-.5-.5H8V0h2Z\" \/>\n\t\t\t<\/svg>\n\t\t<\/button><\/figure>\n\n\n\n<figure data-wp-context=\"{&quot;imageId&quot;:&quot;69eb72843aa26&quot;}\" data-wp-interactive=\"core\/image\" class=\"wp-block-image size-large is-style-default wp-lightbox-container\"><img loading=\"lazy\" decoding=\"async\" width=\"1024\" height=\"768\" data-wp-class--hide=\"state.isContentHidden\" data-wp-class--show=\"state.isContentVisible\" data-wp-init=\"callbacks.setButtonStyles\" data-wp-on-async--click=\"actions.showLightbox\" data-wp-on-async--load=\"callbacks.setButtonStyles\" data-wp-on-async-window--resize=\"callbacks.setButtonStyles\" data-id=\"4911\" src=\"http:\/\/ferienhaus-waxenstein.de\/wp-content\/uploads\/2023\/11\/IMG_3139-1024x768.jpeg\" alt=\"\" class=\"wp-image-4911\" srcset=\"https:\/\/ferienhaus-waxenstein.de\/wp-content\/uploads\/2023\/11\/IMG_3139-1024x768.jpeg 1024w, https:\/\/ferienhaus-waxenstein.de\/wp-content\/uploads\/2023\/11\/IMG_3139-300x225.jpeg 300w, https:\/\/ferienhaus-waxenstein.de\/wp-content\/uploads\/2023\/11\/IMG_3139-768x576.jpeg 768w, https:\/\/ferienhaus-waxenstein.de\/wp-content\/uploads\/2023\/11\/IMG_3139-1536x1152.jpeg 1536w, https:\/\/ferienhaus-waxenstein.de\/wp-content\/uploads\/2023\/11\/IMG_3139-2048x1536.jpeg 2048w, https:\/\/ferienhaus-waxenstein.de\/wp-content\/uploads\/2023\/11\/IMG_3139-892x669.jpeg 892w\" sizes=\"auto, (max-width: 1024px) 100vw, 1024px\" \/><button\n\t\t\tclass=\"lightbox-trigger\"\n\t\t\ttype=\"button\"\n\t\t\taria-haspopup=\"dialog\"\n\t\t\taria-label=\"Vergr\u00f6\u00dfern\"\n\t\t\tdata-wp-init=\"callbacks.initTriggerButton\"\n\t\t\tdata-wp-on-async--click=\"actions.showLightbox\"\n\t\t\tdata-wp-style--right=\"state.imageButtonRight\"\n\t\t\tdata-wp-style--top=\"state.imageButtonTop\"\n\t\t>\n\t\t\t<svg xmlns=\"http:\/\/www.w3.org\/2000\/svg\" width=\"12\" height=\"12\" fill=\"none\" viewBox=\"0 0 12 12\">\n\t\t\t\t<path fill=\"#fff\" d=\"M2 0a2 2 0 0 0-2 2v2h1.5V2a.5.5 0 0 1 .5-.5h2V0H2Zm2 10.5H2a.5.5 0 0 1-.5-.5V8H0v2a2 2 0 0 0 2 2h2v-1.5ZM8 12v-1.5h2a.5.5 0 0 0 .5-.5V8H12v2a2 2 0 0 1-2 2H8Zm2-12a2 2 0 0 1 2 2v2h-1.5V2a.5.5 0 0 0-.5-.5H8V0h2Z\" \/>\n\t\t\t<\/svg>\n\t\t<\/button><\/figure>\n<\/figure>\n","protected":false},"excerpt":{"rendered":"<p>Das Ferienhaus ist ein guter Ausgangspunkt f\u00fcr Spazierg\u00e4nge durch die Almwiesen, zum Riessersee, Eibsee, Kreuzeck, nach Grainau oder zum Kramer. Das weitl\u00e4ufige gr\u00fcne Tal wird umrahmt von einem Bergpanorama, wie die 2963 Meter hohe Zugspitze, Alpspitze, Wetterstein, Wank und Kramer. Garmisch-Partenkirchen, das hei\u00dft Erholungsm\u00f6glichkeiten ohne Ende. Gut ausgeschilderte 300 km Sommer- und 150 km Winterwanderwege [&hellip;]<\/p>\n","protected":false},"author":1,"featured_media":0,"parent":0,"menu_order":0,"comment_status":"closed","ping_status":"closed","template":"template-wide-page.php","meta":{"_monsterinsights_skip_tracking":false,"_monsterinsights_sitenote_active":false,"_monsterinsights_sitenote_note":"","_monsterinsights_sitenote_category":0,"footnotes":""},"class_list":["post-4797","page","type-page","status-publish","hentry"],"_links":{"self":[{"href":"https:\/\/ferienhaus-waxenstein.de\/index.php?rest_route=\/wp\/v2\/pages\/4797","targetHints":{"allow":["GET"]}}],"collection":[{"href":"https:\/\/ferienhaus-waxenstein.de\/index.php?rest_route=\/wp\/v2\/pages"}],"about":[{"href":"https:\/\/ferienhaus-waxenstein.de\/index.php?rest_route=\/wp\/v2\/types\/page"}],"author":[{"embeddable":true,"href":"https:\/\/ferienhaus-waxenstein.de\/index.php?rest_route=\/wp\/v2\/users\/1"}],"replies":[{"embeddable":true,"href":"https:\/\/ferienhaus-waxenstein.de\/index.php?rest_route=%2Fwp%2Fv2%2Fcomments&post=4797"}],"version-history":[{"count":5,"href":"https:\/\/ferienhaus-waxenstein.de\/index.php?rest_route=\/wp\/v2\/pages\/4797\/revisions"}],"predecessor-version":[{"id":5350,"href":"https:\/\/ferienhaus-waxenstein.de\/index.php?rest_route=\/wp\/v2\/pages\/4797\/revisions\/5350"}],"wp:attachment":[{"href":"https:\/\/ferienhaus-waxenstein.de\/index.php?rest_route=%2Fwp%2Fv2%2Fmedia&parent=4797"}],"curies":[{"name":"wp","href":"https:\/\/api.w.org\/{rel}","templated":true}]}}